{"id":801,"date":"2026-02-13T19:04:12","date_gmt":"2026-02-13T18:04:12","guid":{"rendered":"http:\/\/localhost\/skynetweb\/impressum\/"},"modified":"2026-03-09T10:43:17","modified_gmt":"2026-03-09T09:43:17","slug":"impressum","status":"publish","type":"page","link":"https:\/\/pannonia-personal.at\/hu\/impressum\/","title":{"rendered":"lenyomat"},"content":{"rendered":"<div data-elementor-type=\"wp-page\" data-elementor-id=\"801\" class=\"elementor elementor-801\">\n\t\t\t\t<div class=\"elementor-element elementor-element-imp_hero e-con-full e-flex e-con e-parent\" data-id=\"imp_hero\" data-element_type=\"container\" data-e-type=\"container\" data-settings=\"{&quot;background_background&quot;:&quot;classic&quot;}\">\n\t\t\t\t<div class=\"elementor-element elementor-element-imp_h1 elementor-widget elementor-widget-heading\" data-id=\"imp_h1\" data-element_type=\"widget\" data-e-type=\"widget\" data-widget_type=\"heading.default\">\n\t\t\t\t\t<h1 class=\"elementor-heading-title elementor-size-default\">lenyomat<\/h1>\t\t\t\t<\/div>\n\t\t\t\t<div class=\"elementor-element elementor-element-imp_sub elementor-widget elementor-widget-text-editor\" data-id=\"imp_sub\" data-element_type=\"widget\" data-e-type=\"widget\" data-widget_type=\"text-editor.default\">\n\t\t\t\t\t\t\t\t\t<p style=\"text-align:center;color:#c5a059;font-size:16px;\">Angaben gemaess ECG, UGB und MedienG<\/p>\t\t\t\t\t\t\t\t<\/div>\n\t\t\t\t<\/div>\n\t\t<div class=\"elementor-element elementor-element-imp_content e-flex e-con-boxed e-con e-parent\" data-id=\"imp_content\" data-element_type=\"container\" data-e-type=\"container\">\n\t\t\t\t\t<div class=\"e-con-inner\">\n\t\t\t\t<div class=\"elementor-element elementor-element-imp_text elementor-widget elementor-widget-text-editor\" data-id=\"imp_text\" data-element_type=\"widget\" data-e-type=\"widget\" data-widget_type=\"text-editor.default\">\n\t\t\t\t\t\t\t\t\t<h2 style=\"color: #051b2c; border-bottom: 2px solid #c5a059; padding-bottom: 10px;\">Unternehmensangaben<\/h2><p style=\"font-size: 16px; line-height: 1.8; color: #333;\"><strong>Pann\u00f3nia Szem\u00e9lyi<\/strong><br \/>Fachkraftvermittlung aus Ungarn<br \/><br \/><strong>Inhaber:<\/strong> Chris Conen<br \/><strong>Sitz:<\/strong> Ungarn<\/p><h2 style=\"color: #051b2c; border-bottom: 2px solid #c5a059; padding-bottom: 10px; margin-top: 40px;\">Kontaktdaten<\/h2><p style=\"font-size: 16px; line-height: 1.8; color: #333;\"><strong>E-Mail:<\/strong> <a style=\"color: #c5a059;\" href=\"mailto:info@pannonia-personal.at\">info@pannonia-personal.at<\/a><br \/><strong>Web:<\/strong> <a style=\"color: #c5a059;\" href=\"https:\/\/pannonia-personal.at\/hu\/\">www.pannonia-personal.at<\/a><\/p><h2 style=\"color: #051b2c; border-bottom: 2px solid #c5a059; padding-bottom: 10px; margin-top: 40px;\">Rechtliche Hinweise<\/h2><p style=\"font-size: 16px; line-height: 1.8; color: #333;\"><strong>Aufsichtsbeh\u00f6rde:<\/strong> Landesfinanz- und Steueramt Ungarn (NAV)<br \/><strong>Anwendbare Rechtsvorschriften:<\/strong> Gewerbeordnung (Ungarn), E-Commerce Gesetz<br \/><strong>Unternehmensgegenstand:<\/strong> Erbringung von Dienstleistungen im Rahmen von Werkvertr\u00e4gen, Projektmanagement, Personalberatung und internationale Fachvermittlung.<br \/><strong>Online-Streitbeilegung:<\/strong> Verbraucher haben die M\u00f6glichkeit, Beschwerden an die Online-Streitbeilegungsplattform der EU zu richten: <a style=\"color: #c5a059;\" href=\"http:\/\/ec.europa.eu\/odr\" target=\"_blank\" rel=\"noopener\">http:\/\/ec.europa.eu\/odr<\/a><\/p><h2 style=\"color: #051b2c; border-bottom: 2px solid #c5a059; padding-bottom: 10px; margin-top: 40px;\">Urheberrecht<\/h2><p style=\"font-size: 16px; line-height: 1.8; color: #333;\">Die durch die Seitenbetreiber erstellten Inhalte und Werke auf diesen Seiten unterliegen dem Urheberrecht. Die Vervielf\u00e4ltigung, Bearbeitung, Verbreitung und jede Art der Verwertung au\u00dferhalb der Grenzen des Urheberrechtes bed\u00fcrfen der schriftlichen Zustimmung des jeweiligen Autors bzw. Erstellers.<\/p><h2 style=\"color: #051b2c; border-bottom: 2px solid #c5a059; padding-bottom: 10px; margin-top: 40px;\">Haftung f\u00fcr Links<\/h2><p style=\"font-size: 16px; line-height: 1.8; color: #333;\">Unser Angebot enth\u00e4lt Links zu externen Webseiten Dritter, auf deren Inhalte wir keinen Einfluss haben. Deshalb k\u00f6nnen wir f\u00fcr diese fremden Inhalte auch keine Gew\u00e4hr \u00fcbernehmen. F\u00fcr die Inhalte der verlinkten Seiten ist stets der jeweilige Anbieter oder Betreiber der Seiten verantwortlich.<\/p><h2 style=\"color: #051b2c; border-bottom: 2px solid #c5a059; padding-bottom: 10px; margin-top: 40px;\">Streitschlichtung<\/h2><p style=\"font-size: 16px; line-height: 1.8; color: #333;\">Die Europ\u00e4ische Kommission stellt eine Plattform zur Online-Streitbeilegung (OS) bereit: <a style=\"color: #c5a059;\" href=\"https:\/\/ec.europa.eu\/consumers\/odr\" target=\"_blank\" rel=\"noopener\">https:\/\/ec.europa.eu\/consumers\/odr<\/a><br \/>Wir sind nicht bereit oder verpflichtet, an Streitbeilegungsverfahren vor einer Verbraucherschlichtungsstelle teilzunehmen.<\/p><p style=\"text-align: center; margin-top: 50px; color: #999; font-size: 14px;\">Pannonia Personal \u2014 Fachkraftvermittlung aus Ungarn<\/p>\t\t\t\t\t\t\t\t<\/div>\n\t\t\t\t\t<\/div>\n\t\t\t\t<\/div>\n\t\t\t\t<\/div>","protected":false},"excerpt":{"rendered":"<p>Impressum Angaben gemaess ECG, UGB und MedienG Unternehmensangaben Pannonia PersonalFachkraftvermittlung aus Ungarn Inhaber: Chris ConenSitz: Ungarn Kontaktdaten E-Mail: info@pannonia-personal.atWeb: www.pannonia-personal.at Rechtliche Hinweise Aufsichtsbeh\u00f6rde: Landesfinanz- und Steueramt Ungarn (NAV)Anwendbare Rechtsvorschriften: Gewerbeordnung (Ungarn), E-Commerce GesetzUnternehmensgegenstand: Erbringung von Dienstleistungen im Rahmen von Werkvertr\u00e4gen, Projektmanagement, Personalberatung und internationale Fachvermittlung.Online-Streitbeilegung: Verbraucher haben die M\u00f6glichkeit, Beschwerden an die Online-Streitbeilegungsplattform der EU [&hellip;]<\/p>\n","protected":false},"author":0,"featured_media":0,"parent":0,"menu_order":0,"comment_status":"closed","ping_status":"closed","template":"elementor_header_footer","meta":{"footnotes":""},"class_list":["post-801","page","type-page","status-publish","hentry"],"_links":{"self":[{"href":"https:\/\/pannonia-personal.at\/hu\/wp-json\/wp\/v2\/pages\/801","targetHints":{"allow":["GET"]}}],"collection":[{"href":"https:\/\/pannonia-personal.at\/hu\/wp-json\/wp\/v2\/pages"}],"about":[{"href":"https:\/\/pannonia-personal.at\/hu\/wp-json\/wp\/v2\/types\/page"}],"replies":[{"embeddable":true,"href":"https:\/\/pannonia-personal.at\/hu\/wp-json\/wp\/v2\/comments?post=801"}],"version-history":[{"count":0,"href":"https:\/\/pannonia-personal.at\/hu\/wp-json\/wp\/v2\/pages\/801\/revisions"}],"wp:attachment":[{"href":"https:\/\/pannonia-personal.at\/hu\/wp-json\/wp\/v2\/media?parent=801"}],"curies":[{"name":"wp","href":"https:\/\/api.w.org\/{rel}","templated":true}]}}