{"id":981,"date":"2026-02-16T14:21:31","date_gmt":"2026-02-16T13:21:31","guid":{"rendered":"https:\/\/pannonia-personal.at\/privacy-policy\/"},"modified":"2026-02-19T20:06:21","modified_gmt":"2026-02-19T19:06:21","slug":"fachkraftvermmittlung-aus-ungarn-datenschutz","status":"publish","type":"page","link":"https:\/\/pannonia-personal.at\/hu\/fachkraftvermmittlung-aus-ungarn-datenschutz\/","title":{"rendered":"Adatv\u00e9delem"},"content":{"rendered":"\t\t<div data-elementor-type=\"wp-page\" data-elementor-id=\"981\" class=\"elementor elementor-981\">\n\t\t\t\t<div class=\"elementor-element elementor-element-0853d7b lang-de e-flex e-con-boxed e-con e-parent\" data-id=\"0853d7b\" data-element_type=\"container\" data-e-type=\"container\">\n\t\t\t\t\t<div class=\"e-con-inner\">\n\t\t\t\t<div class=\"elementor-element elementor-element-d6efb8f elementor-widget elementor-widget-shortcode\" data-id=\"d6efb8f\" data-element_type=\"widget\" data-e-type=\"widget\" data-widget_type=\"shortcode.default\">\n\t\t\t\t\t\t\t<div class=\"elementor-shortcode\">[cmplz-document type=\"privacy-statement\" region=\"eu\"]<\/div>\n\t\t\t\t\t\t<\/div>\n\t\t\t\t\t<\/div>\n\t\t\t\t<\/div>\n\t\t<div class=\"elementor-element elementor-element-31c8e94 lang-hu e-flex e-con-boxed e-con e-parent\" data-id=\"31c8e94\" data-element_type=\"container\" data-e-type=\"container\">\n\t\t\t\t\t<div class=\"e-con-inner\">\n\t\t\t\t<div class=\"elementor-element elementor-element-7ab09f3 elementor-widget elementor-widget-text-editor\" data-id=\"7ab09f3\" data-element_type=\"widget\" data-e-type=\"widget\" data-widget_type=\"text-editor.default\">\n\t\t\t\t\t\t\t\t\t<h2>Adatv\u00e9delmi Nyilatkozat<\/h2><p>Ezt az adatv\u00e9delmi nyilatkozatot utolj\u00e1ra <b>2026.02.14-\u00e9n<\/b> friss\u00edtett\u00fck, \u00e9s az Eur\u00f3pai Gazdas\u00e1gi T\u00e9rs\u00e9g, valamint Sv\u00e1jc \u00e1llampolg\u00e1raira \u00e9s t\u00f6rv\u00e9nyes \u00e1lland\u00f3 lakosaira vonatkozik.<\/p><p>Ebben az adatv\u00e9delmi nyilatkozatban elmagyar\u00e1zzuk, mit tesz\u00fcnk azokkal az adatokkal, amelyeket a <a href=\"https:\/\/pannonia-personal.at\/hu\" target=\"_blank\" rel=\"noopener\">https:\/\/pannonia-personal.at\/hu<\/a> oldalon kereszt\u00fcl gy\u0171jt\u00fcnk \u00d6nr\u0151l. Javasoljuk, hogy figyelmesen olvassa el ezt a nyilatkozatot. Az adatkezel\u00e9s sor\u00e1n megfelel\u00fcnk az adatv\u00e9delmi jogszab\u00e1lyok k\u00f6vetelm\u00e9nyeinek. Ez t\u00f6bbek k\u00f6z\u00f6tt a k\u00f6vetkez\u0151ket jelenti:<\/p><ul><li><p>vil\u00e1gosan megadjuk azokat a c\u00e9lokat, amelyek \u00e9rdek\u00e9ben a szem\u00e9lyes adatokat kezelj\u00fck. Ezt a jelen adatv\u00e9delmi nyilatkozaton kereszt\u00fcl tessz\u00fck meg;<\/p><\/li><li><p data-path-to-node=\"5,1,0\">t\u00f6reksz\u00fcnk arra, hogy a szem\u00e9lyes adatok gy\u0171jt\u00e9s\u00e9t csak a jogos c\u00e9lokhoz sz\u00fcks\u00e9ges adatokra korl\u00e1tozzuk;<\/p><\/li><li><p>azokban az esetekben, amikor hozz\u00e1j\u00e1rul\u00e1sra van sz\u00fcks\u00e9g, el\u0151zetesen k\u00e9rj\u00fck az \u00d6n kifejezett hozz\u00e1j\u00e1rul\u00e1s\u00e1t szem\u00e9lyes adatainak kezel\u00e9s\u00e9hez;<\/p><\/li><li><p>megfelel\u0151 biztons\u00e1gi int\u00e9zked\u00e9seket tesz\u00fcnk szem\u00e9lyes adatainak v\u00e9delme \u00e9rdek\u00e9ben, \u00e9s ezt megk\u00f6vetelj\u00fck a nev\u00fcnkben adatokat feldolgoz\u00f3 felekt\u0151l is;<\/p><\/li><li><p>tiszteletben tartjuk az \u00d6n jog\u00e1t, hogy k\u00e9r\u00e9s\u00e9re hozz\u00e1f\u00e9rjen szem\u00e9lyes adataihoz, k\u00e9rje azok helyesb\u00edt\u00e9s\u00e9t vagy t\u00f6rl\u00e9s\u00e9t.<\/p><\/li><\/ul><p>Ha b\u00e1rmilyen k\u00e9rd\u00e9se van, vagy pontosan tudni szeretn\u00e9, milyen adatokat t\u00e1rolunk \u00d6nr\u0151l, k\u00e9rj\u00fck, vegye fel vel\u00fcnk a kapcsolatot.<\/p><h3>1. C\u00e9l, adatok \u00e9s meg\u0151rz\u00e9si id\u0151szak<\/h3><p>Szem\u00e9lyes adatokat gy\u0171jthet\u00fcnk vagy kaphatunk \u00fczleti tev\u00e9kenys\u00e9g\u00fcnkkel kapcsolatos sz\u00e1mos c\u00e9lb\u00f3l, amelyek a k\u00f6vetkez\u0151k lehetnek:<\/p><p><b>1.1 Kapcsolatfelv\u00e9tel \u2013 Telefonon, post\u00e1n, e-mailben \u00e9s\/vagy webes \u0171rlapokon kereszt\u00fcl<\/b> E c\u00e9lb\u00f3l a k\u00f6vetkez\u0151 adatokat haszn\u00e1ljuk:<\/p><ul><li><p>Vezet\u00e9k- \u00e9s keresztn\u00e9v<\/p><\/li><li><p>Fi\u00f3kn\u00e9v vagy \u00e1ln\u00e9v<\/p><\/li><li><p>Lakc\u00edm vagy egy\u00e9b fizikai c\u00edm (utca, v\u00e1ros\/telep\u00fcl\u00e9s neve)<\/p><\/li><li><p>E-mail c\u00edm<\/p><\/li><li><p>Telefonsz\u00e1m<\/p><\/li><li><p>Geolok\u00e1ci\u00f3s adatok <b>Az adatkezel\u00e9s jogalapja:<\/b> Hozz\u00e1j\u00e1rul\u00e1s megad\u00e1sa alapj\u00e1n. <b>Meg\u0151rz\u00e9si id\u0151szak:<\/b> Az adatokat a szolg\u00e1ltat\u00e1s megsz\u0171n\u00e9se ut\u00e1n 12 h\u00f3napig \u0151rizz\u00fck meg.<\/p><\/li><\/ul><p><b>1.2 Fizet\u00e9sek<\/b> (Az adatok k\u00f6re megegyezik az 1.1 ponttal).<\/p><p><b>Jogalap:<\/b> Hozz\u00e1j\u00e1rul\u00e1s megad\u00e1sa alapj\u00e1n.<\/p><p><b>Meg\u0151rz\u00e9si id\u0151szak:<\/b> Az adatokat a szolg\u00e1ltat\u00e1s megsz\u0171n\u00e9s\u00e9ig \u0151rizz\u00fck meg.<\/p><p><b>1.3 Fi\u00f3k regisztr\u00e1l\u00e1sa<\/b> (Az adatok k\u00f6re megegyezik az 1.1 ponttal).<\/p><p><b>Jogalap:<\/b> Hozz\u00e1j\u00e1rul\u00e1s megad\u00e1sa alapj\u00e1n.<\/p><p><b>Meg\u0151rz\u00e9si id\u0151szak:<\/b> Az adatokat a szolg\u00e1ltat\u00e1s megsz\u0171n\u00e9s\u00e9ig \u0151rizz\u00fck meg.<\/p><p><b>1.4 H\u00edrlevelek<\/b> (Az adatok k\u00f6re megegyezik az 1.1 ponttal).<\/p><p><b>Jogalap:<\/b> Hozz\u00e1j\u00e1rul\u00e1s megad\u00e1sa alapj\u00e1n.<\/p><p><b>Meg\u0151rz\u00e9si id\u0151szak:<\/b> Az adatokat a szolg\u00e1ltat\u00e1s megsz\u0171n\u00e9s\u00e9ig \u0151rizz\u00fck meg.<\/p><p><b>1.5 Az \u00fcgyf\u00e9l \u00e1ltal megv\u00e1s\u00e1rolni k\u00edv\u00e1nt vagy megv\u00e1s\u00e1rolt term\u00e9kek\/szolg\u00e1ltat\u00e1sok t\u00e1mogat\u00e1sa<\/b> E c\u00e9lb\u00f3l a k\u00f6vetkez\u0151 adatokat haszn\u00e1ljuk: n\u00e9v, lakc\u00edm, e-mail c\u00edm, telefonsz\u00e1m, geolok\u00e1ci\u00f3s adatok. <b><\/b><\/p><p><b>Jogalap:<\/b> Hozz\u00e1j\u00e1rul\u00e1s megad\u00e1sa alapj\u00e1n. <b><\/b><\/p><p><b>Meg\u0151rz\u00e9si id\u0151szak:<\/b> Az adatokat a szolg\u00e1ltat\u00e1s megsz\u0171n\u00e9s\u00e9ig \u0151rizz\u00fck meg.<\/p><p><b>1.6 Jogi k\u00f6telezetts\u00e9geknek val\u00f3 megfelel\u00e9s<\/b> (Az adatok k\u00f6re megegyezik az 1.1 ponttal).<\/p><p><b>Jogalap:<\/b> Hozz\u00e1j\u00e1rul\u00e1s megad\u00e1sa alapj\u00e1n.<\/p><p><b>Meg\u0151rz\u00e9si id\u0151szak:<\/b> Az adatokat a szolg\u00e1ltat\u00e1s megsz\u0171n\u00e9s\u00e9ig \u0151rizz\u00fck meg.<\/p><p><b>1.7 Statisztik\u00e1k \u00f6ssze\u00e1ll\u00edt\u00e1sa \u00e9s elemz\u00e9se a weboldal fejleszt\u00e9se \u00e9rdek\u00e9ben<\/b> (Az adatok k\u00f6re megegyezik az 1.1 ponttal).<\/p><p><b>Jogalap:<\/b> Hozz\u00e1j\u00e1rul\u00e1s megad\u00e1sa alapj\u00e1n.<\/p><p><b>Meg\u0151rz\u00e9si id\u0151szak:<\/b> Az adatokat a szolg\u00e1ltat\u00e1s megsz\u0171n\u00e9s\u00e9ig \u0151rizz\u00fck meg.<\/p><p><b>1.8 Szem\u00e9lyre szabott term\u00e9kek \u00e9s szolg\u00e1ltat\u00e1sok k\u00edn\u00e1lata<\/b> (Az adatok k\u00f6re megegyezik az 1.1 ponttal).<\/p><p><b>Jogalap:<\/b> Hozz\u00e1j\u00e1rul\u00e1s megad\u00e1sa alapj\u00e1n.<\/p><p><b>Meg\u0151rz\u00e9si id\u0151szak:<\/b> Az adatokat a szolg\u00e1ltat\u00e1s megsz\u0171n\u00e9s\u00e9ig \u0151rizz\u00fck meg.<\/p><p><b>1.9 Adatok \u00e9rt\u00e9kes\u00edt\u00e9se vagy megoszt\u00e1sa harmadik f\u00e9llel<\/b> (Az adatok k\u00f6re megegyezik az 1.1 ponttal).<\/p><p><b>Jogalap:<\/b> Hozz\u00e1j\u00e1rul\u00e1s megad\u00e1sa alapj\u00e1n. <b><\/b><\/p><p><b>Meg\u0151rz\u00e9si id\u0151szak:<\/b> Az adatokat a szolg\u00e1ltat\u00e1s megsz\u0171n\u00e9s\u00e9ig \u0151rizz\u00fck meg.<\/p><hr \/><h3>2. Megoszt\u00e1s m\u00e1s felekkel<\/h3><p>Ezeket az adatokat csak adatfeldolgoz\u00f3kkal \u00e9s olyan harmadik felekkel osztjuk meg, akikhez hozz\u00e1j\u00e1rul\u00e1s sz\u00fcks\u00e9ges.<\/p><h3>3. S\u00fctik (Cookies)<\/h3><p>Weboldalunk s\u00fctiket haszn\u00e1l. A s\u00fctikkel kapcsolatos tov\u00e1bbi inform\u00e1ci\u00f3k\u00e9rt k\u00e9rj\u00fck, olvassa el a <b>S\u00fcti Szab\u00e1lyzatunkat<\/b>.<\/p><h3>4. K\u00f6zz\u00e9t\u00e9teli gyakorlat<\/h3><p>Szem\u00e9lyes adatokat akkor tesz\u00fcnk k\u00f6zz\u00e9, ha azt t\u00f6rv\u00e9ny vagy b\u00edr\u00f3s\u00e1gi v\u00e9gz\u00e9s \u00edrja el\u0151, b\u0171n\u00fcld\u00f6z\u0151 hat\u00f3s\u00e1g k\u00e9r\u00e9s\u00e9re, egy\u00e9b jogszab\u00e1lyi rendelkez\u00e9sek \u00e1ltal megengedett m\u00e9rt\u00e9kben, t\u00e1j\u00e9koztat\u00e1s ny\u00fajt\u00e1sa c\u00e9lj\u00e1b\u00f3l vagy k\u00f6zbiztons\u00e1ggal kapcsolatos vizsg\u00e1lat \u00e9rdek\u00e9ben. Ha weboldalunkat vagy szervezet\u00fcnket \u00e1tveszik, eladj\u00e1k, vagy egyes\u00fcl\u00e9sben\/felv\u00e1s\u00e1rl\u00e1sban vesz r\u00e9szt, az \u00d6n adatai \u00e1tadhat\u00f3k tan\u00e1csad\u00f3inknak \u00e9s b\u00e1rmely leend\u0151 v\u00e1s\u00e1rl\u00f3nak, \u00e9s tov\u00e1bb\u00edt\u00e1sra ker\u00fclnek az \u00faj tulajdonosoknak.<\/p><ul><li><p>Adatfeldolgoz\u00e1si meg\u00e1llapod\u00e1st k\u00f6t\u00f6tt\u00fcnk a <b>Google<\/b>-lal.<\/p><\/li><li><p>A Google nem haszn\u00e1lhatja az adatokat semmilyen m\u00e1s Google-szolg\u00e1ltat\u00e1shoz.<\/p><\/li><li><p>A teljes IP-c\u00edmek bevon\u00e1s\u00e1t blokkoltuk.<\/p><\/li><\/ul><h3>5. Biztons\u00e1g<\/h3><p>Elk\u00f6telezettek vagyunk a szem\u00e9lyes adatok biztons\u00e1ga mellett. Megfelel\u0151 biztons\u00e1gi int\u00e9zked\u00e9seket tesz\u00fcnk a szem\u00e9lyes adatokkal val\u00f3 vissza\u00e9l\u00e9s \u00e9s az azokhoz val\u00f3 illet\u00e9ktelen hozz\u00e1f\u00e9r\u00e9s korl\u00e1toz\u00e1sa \u00e9rdek\u00e9ben. Ez biztos\u00edtja, hogy csak a sz\u00fcks\u00e9ges szem\u00e9lyek f\u00e9rjenek hozz\u00e1 az adatokhoz, a hozz\u00e1f\u00e9r\u00e9s v\u00e9dett legyen, \u00e9s biztons\u00e1gi int\u00e9zked\u00e9seinket rendszeresen fel\u00fclvizsg\u00e1ljuk.<\/p><h3>6. Harmadik felek weboldalai<\/h3><p>Ez az adatv\u00e9delmi nyilatkozat nem vonatkozik a weboldalunkon tal\u00e1lhat\u00f3 hivatkoz\u00e1sokon kereszt\u00fcl el\u00e9rhet\u0151 harmadik felek weboldalaira. Nem tudjuk garant\u00e1lni, hogy ezek a harmadik felek megb\u00edzhat\u00f3 vagy biztons\u00e1gos m\u00f3don kezelik az \u00d6n szem\u00e9lyes adatait. Javasoljuk, hogy ezen weboldalak haszn\u00e1lata el\u0151tt olvassa el azok adatv\u00e9delmi nyilatkozat\u00e1t.<\/p><h3>7. Az adatv\u00e9delmi nyilatkozat m\u00f3dos\u00edt\u00e1sa<\/h3><p>Fenntartjuk a jogot a jelen adatv\u00e9delmi nyilatkozat m\u00f3dos\u00edt\u00e1s\u00e1ra. Javasoljuk, hogy rendszeresen olvassa el ezt a nyilatkozatot, hogy \u00e9rtes\u00fclj\u00f6n a v\u00e1ltoz\u00e1sokr\u00f3l. Emellett, ahol lehets\u00e9ges, akt\u00edvan t\u00e1j\u00e9koztatjuk \u00d6nt.<\/p><h3>8. Az adatokhoz val\u00f3 hozz\u00e1f\u00e9r\u00e9s \u00e9s azok m\u00f3dos\u00edt\u00e1sa<\/h3><p>\u00d6nnek a k\u00f6vetkez\u0151 jogai vannak:<\/p><ul><li><p><b>T\u00e1j\u00e9koztat\u00e1shoz val\u00f3 jog:<\/b> joga van tudni, mi\u00e9rt van sz\u00fcks\u00e9g a szem\u00e9lyes adataira, mi t\u00f6rt\u00e9nik vel\u00fck, \u00e9s mennyi ideig t\u00e1roljuk azokat.<\/p><\/li><li><p><b>Betekint\u00e9si jog:<\/b> joga van hozz\u00e1f\u00e9rni az \u00e1ltalunk ismert szem\u00e9lyes adataihoz.<\/p><\/li><li><p><b>Helyesb\u00edt\u00e9shez val\u00f3 jog:<\/b> joga van szem\u00e9lyes adatait b\u00e1rmikor kieg\u00e9sz\u00edteni, jav\u00edtani, t\u00f6r\u00f6ltetni vagy z\u00e1rolni.<\/p><\/li><li><p><b>Hozz\u00e1j\u00e1rul\u00e1s visszavon\u00e1sa:<\/b> ha hozz\u00e1j\u00e1rul\u00e1s\u00e1t adta adatai kezel\u00e9s\u00e9hez, joga van ezt visszavonni \u00e9s adatai t\u00f6rl\u00e9s\u00e9t k\u00e9rni.<\/p><\/li><li><p><b>Adathordozhat\u00f3s\u00e1ghoz val\u00f3 jog:<\/b> joga van elk\u00e9rni az \u00f6sszes szem\u00e9lyes adat\u00e1t az adatkezel\u0151t\u0151l, \u00e9s azokat teljes eg\u00e9sz\u00e9ben \u00e1tadni egy m\u00e1sik adatkezel\u0151nek.<\/p><\/li><li><p><b>Tiltakoz\u00e1shoz val\u00f3 jog:<\/b> tiltakozhat adatai kezel\u00e9se ellen. Ezt teljes\u00edtj\u00fck, kiv\u00e9ve, ha az adatkezel\u00e9snek alapos indoka van.<\/p><\/li><\/ul><p>K\u00e9rj\u00fck, mindig egy\u00e9rtelm\u0171en azonos\u00edtsa mag\u00e1t, hogy biztosak lehess\u00fcnk abban, nem rossz szem\u00e9ly adatait m\u00f3dos\u00edtjuk vagy t\u00f6r\u00f6lj\u00fck.<\/p><h3>9. Panasz beny\u00fajt\u00e1sa<\/h3><p>Ha nem el\u00e9gedett azzal, ahogyan a szem\u00e9lyes adatai kezel\u00e9s\u00e9t (vagy az azzal kapcsolatos panaszt) kezelj\u00fck, joga van panaszt beny\u00fajtani az Adatv\u00e9delmi Hat\u00f3s\u00e1ghoz.<\/p><h3>10. Kapcsolati adatok<\/h3><p><b>Chris Conen<\/b><\/p><p>HU-9134 Bodonhely Lepke utca 9. Magyarorsz\u00e1g<\/p><p>Weboldal: <a href=\"https:\/\/pannonia-personal.at\/hu\" target=\"_blank\" rel=\"noopener\">https:\/\/pannonia-personal.at\/hu<\/a> E-mail: info@pannonia-personal.at Telefonsz\u00e1m: +4366499754216<\/p>\t\t\t\t\t\t\t\t<\/div>\n\t\t\t\t\t<\/div>\n\t\t\t\t<\/div>\n\t\t\t\t<\/div>\n\t\t","protected":false},"excerpt":{"rendered":"<p>Adatv\u00e9delmi Nyilatkozat Ezt az adatv\u00e9delmi nyilatkozatot utolj\u00e1ra 2026.02.14-\u00e9n friss\u00edtett\u00fck, \u00e9s az Eur\u00f3pai Gazdas\u00e1gi T\u00e9rs\u00e9g, valamint Sv\u00e1jc \u00e1llampolg\u00e1raira \u00e9s t\u00f6rv\u00e9nyes \u00e1lland\u00f3 lakosaira vonatkozik. Ebben az adatv\u00e9delmi nyilatkozatban elmagyar\u00e1zzuk, mit tesz\u00fcnk azokkal az adatokkal, amelyeket a https:\/\/pannonia-personal.at\/hu oldalon kereszt\u00fcl gy\u0171jt\u00fcnk \u00d6nr\u0151l. Javasoljuk, hogy figyelmesen olvassa el ezt a nyilatkozatot. Az adatkezel\u00e9s sor\u00e1n megfelel\u00fcnk az adatv\u00e9delmi jogszab\u00e1lyok k\u00f6vetelm\u00e9nyeinek. [&hellip;]<\/p>\n","protected":false},"author":1,"featured_media":0,"parent":0,"menu_order":0,"comment_status":"closed","ping_status":"closed","template":"","meta":{"footnotes":""},"class_list":["post-981","page","type-page","status-publish","hentry"],"_links":{"self":[{"href":"https:\/\/pannonia-personal.at\/hu\/wp-json\/wp\/v2\/pages\/981","targetHints":{"allow":["GET"]}}],"collection":[{"href":"https:\/\/pannonia-personal.at\/hu\/wp-json\/wp\/v2\/pages"}],"about":[{"href":"https:\/\/pannonia-personal.at\/hu\/wp-json\/wp\/v2\/types\/page"}],"author":[{"embeddable":true,"href":"https:\/\/pannonia-personal.at\/hu\/wp-json\/wp\/v2\/users\/1"}],"replies":[{"embeddable":true,"href":"https:\/\/pannonia-personal.at\/hu\/wp-json\/wp\/v2\/comments?post=981"}],"version-history":[{"count":0,"href":"https:\/\/pannonia-personal.at\/hu\/wp-json\/wp\/v2\/pages\/981\/revisions"}],"wp:attachment":[{"href":"https:\/\/pannonia-personal.at\/hu\/wp-json\/wp\/v2\/media?parent=981"}],"curies":[{"name":"wp","href":"https:\/\/api.w.org\/{rel}","templated":true}]}}